{"id":1374,"date":"2020-10-20T13:48:28","date_gmt":"2020-10-20T11:48:28","guid":{"rendered":"https:\/\/synergym.hu\/?page_id=1374"},"modified":"2026-04-07T14:44:50","modified_gmt":"2026-04-07T12:44:50","slug":"hazirend","status":"publish","type":"page","link":"https:\/\/synergym.hu\/en\/hazirend\/","title":{"rendered":"Gym Policies"},"content":{"rendered":"<div data-elementor-type=\"wp-page\" data-elementor-id=\"1374\" class=\"elementor elementor-1374\" data-elementor-post-type=\"page\">\n\t\t\t\t\t\t<section class=\"elementor-section elementor-top-section elementor-element elementor-element-60a1f81a elementor-section-height-min-height elementor-section-boxed elementor-section-height-default elementor-section-items-middle\" data-id=\"60a1f81a\" data-element_type=\"section\" data-e-type=\"section\" data-settings=\"{&quot;background_background&quot;:&quot;gradient&quot;}\">\n\t\t\t\t\t\t<div class=\"elementor-container elementor-column-gap-no\">\n\t\t\t\t\t<div class=\"elementor-column elementor-col-50 elementor-top-column elementor-element elementor-element-80de34d\" data-id=\"80de34d\" data-element_type=\"column\" data-e-type=\"column\" data-settings=\"{&quot;background_background&quot;:&quot;classic&quot;}\">\n\t\t\t<div class=\"elementor-widget-wrap elementor-element-populated\">\n\t\t\t\t\t\t<div class=\"elementor-element elementor-element-8420348 elementor-widget elementor-widget-heading\" data-id=\"8420348\" data-element_type=\"widget\" data-e-type=\"widget\" data-widget_type=\"heading.default\">\n\t\t\t\t<div class=\"elementor-widget-container\">\n\t\t\t\t\t<h2 class=\"elementor-heading-title elementor-size-default\">Gym Policies<\/h2>\t\t\t\t<\/div>\n\t\t\t\t<\/div>\n\t\t\t\t<div class=\"elementor-element elementor-element-2d866a5 elementor-widget elementor-widget-text-editor\" data-id=\"2d866a5\" data-element_type=\"widget\" data-e-type=\"widget\" data-widget_type=\"text-editor.default\">\n\t\t\t\t<div class=\"elementor-widget-container\">\n\t\t\t\t\t\t\t\t\tSynergym Fitness Center Gym Policies\t\t\t\t\t\t\t\t<\/div>\n\t\t\t\t<\/div>\n\t\t\t\t\t<\/div>\n\t\t<\/div>\n\t\t\t\t<div class=\"elementor-column elementor-col-50 elementor-top-column elementor-element elementor-element-025b104\" data-id=\"025b104\" data-element_type=\"column\" data-e-type=\"column\">\n\t\t\t<div class=\"elementor-widget-wrap elementor-element-populated\">\n\t\t\t\t\t\t<div class=\"elementor-element elementor-element-59d3cca elementor-icon-list--layout-traditional elementor-list-item-link-full_width elementor-widget elementor-widget-icon-list\" data-id=\"59d3cca\" data-element_type=\"widget\" data-e-type=\"widget\" data-widget_type=\"icon-list.default\">\n\t\t\t\t<div class=\"elementor-widget-container\">\n\t\t\t\t\t\t\t<ul class=\"elementor-icon-list-items\">\n\t\t\t\t\t\t\t<li class=\"elementor-icon-list-item\">\n\t\t\t\t\t\t\t\t\t\t\t<span class=\"elementor-icon-list-icon\">\n\t\t\t\t\t\t\t<i aria-hidden=\"true\" class=\"fas fa-phone-alt\"><\/i>\t\t\t\t\t\t<\/span>\n\t\t\t\t\t\t\t\t\t\t<span class=\"elementor-icon-list-text\">+36 1 781 6620<\/span>\n\t\t\t\t\t\t\t\t\t<\/li>\n\t\t\t\t\t\t\t\t<li class=\"elementor-icon-list-item\">\n\t\t\t\t\t\t\t\t\t\t\t<span class=\"elementor-icon-list-icon\">\n\t\t\t\t\t\t\t<i aria-hidden=\"true\" class=\"far fa-envelope\"><\/i>\t\t\t\t\t\t<\/span>\n\t\t\t\t\t\t\t\t\t\t<span class=\"elementor-icon-list-text\">info@synergym.hu<\/span>\n\t\t\t\t\t\t\t\t\t<\/li>\n\t\t\t\t\t\t\t\t<li class=\"elementor-icon-list-item\">\n\t\t\t\t\t\t\t\t\t\t\t<span class=\"elementor-icon-list-icon\">\n\t\t\t\t\t\t\t<i aria-hidden=\"true\" class=\"far fa-building\"><\/i>\t\t\t\t\t\t<\/span>\n\t\t\t\t\t\t\t\t\t\t<span class=\"elementor-icon-list-text\">1142 Bp. Hung\u00e1ria krt. 130.<\/span>\n\t\t\t\t\t\t\t\t\t<\/li>\n\t\t\t\t\t\t<\/ul>\n\t\t\t\t\t\t<\/div>\n\t\t\t\t<\/div>\n\t\t\t\t\t<\/div>\n\t\t<\/div>\n\t\t\t\t\t<\/div>\n\t\t<\/section>\n\t\t\t\t<section class=\"elementor-section elementor-top-section elementor-element elementor-element-2f8d687 elementor-section-boxed elementor-section-height-default elementor-section-height-default\" data-id=\"2f8d687\" data-element_type=\"section\" data-e-type=\"section\" data-settings=\"{&quot;background_background&quot;:&quot;classic&quot;,&quot;shape_divider_top&quot;:&quot;pyramids&quot;}\">\n\t\t\t\t\t<div class=\"elementor-shape elementor-shape-top\" aria-hidden=\"true\" data-negative=\"false\">\n\t\t\t<svg xmlns=\"http:\/\/www.w3.org\/2000\/svg\" viewbox=\"0 0 1000 100\" preserveaspectratio=\"none\">\n\t<path class=\"elementor-shape-fill\" d=\"M761.9,44.1L643.1,27.2L333.8,98L0,3.8V0l1000,0v3.9\"\/>\n<\/svg>\t\t<\/div>\n\t\t\t\t\t<div class=\"elementor-container elementor-column-gap-no\">\n\t\t\t\t\t<div class=\"elementor-column elementor-col-100 elementor-top-column elementor-element elementor-element-6a23a49\" data-id=\"6a23a49\" data-element_type=\"column\" data-e-type=\"column\" data-settings=\"{&quot;background_background&quot;:&quot;classic&quot;}\">\n\t\t\t<div class=\"elementor-widget-wrap elementor-element-populated\">\n\t\t\t\t\t\t<div class=\"elementor-element elementor-element-956d7d6 elementor-widget elementor-widget-text-editor\" data-id=\"956d7d6\" data-element_type=\"widget\" data-e-type=\"widget\" data-widget_type=\"text-editor.default\">\n\t\t\t\t<div class=\"elementor-widget-container\">\n\t\t\t\t\t\t\t\t\t<p>The operation of Synergym is managed by ArtiFF LLC (registered at 1143 Budapest, Gizella St. 51-57).\/ 1142 Budapest, Tengerszem St. 80<\/p><p>The purpose of our Gym Policies is to establish the basic regulations essential for the safe and proper operation of the facility, ensuring its maintenance and functionality. Additionally, the policies set behavioral expectations to promote an environment where all members can enjoy uninterrupted exercise and relaxation.<\/p><p>The provisions of Synergym\u2019s Gym Policies are binding for all members present on the premises or using its services. Utilizing Synergym\u2019s services implies the simultaneous acceptance of Gym Policies.<\/p><p>Synergym\u2019s Gym Policies are accessible and available for review at the reception desk for all members using its services.<\/p><p><strong>General Policies<\/strong><\/p><p>Entering Synergym is allowed only with a valid membership card! The fees for gym services must be paid in advance upon entry. Upon the expiration of memberships, any remaining sessions or funds cannot be carried over to the next membership.<\/p><p>The gym and functional training room is only accessible to individuals aged 14 and above!<\/p><p>All Synergym members are required to complete a registration form at the reception desk once and consent to having their photo taken. By doing so, they accept the terms highlighted in Synergym\u2019s Gym Policies and agree that compliance with these rules will be monitored by the staff.<\/p><p>Synergym maintains a computerized record of its members. The operator reserves the right to deny services to any member who refuses to provide any necessary information, either partially or entirely. The operator uses member data exclusively for own records and will never share it with third parties under any circumstances.<\/p><p>Synergym\u2019s facility and gym equipment may only be used as intended and at the member\u2019s own risk. The operator faces no responsibility for material or other damages occurred during use.<\/p><p>In the event of an accident or injury on Synergym\u2019s premises, please report it immediately to the receptionist or personal trainers. The staff is obligated to document the incident in an official report.<\/p><p>The operator of Synergym has no liability for personal or material damages resulting from non-compliance with the Gym Policies from reckless behavior by members.<\/p><p>The operator of Synergym is not responsible for lost or stolen items or belongings. Members can use complimentary lockers for storing valuables, which can be requested at the reception desk.<\/p><p>Members must hand in any found items at the Synergym reception.<\/p><p>Members of Synergym must not violate any applicable legal regulations.<\/p><p>All Synergym members must adhere to the rules outlined in these Gym Policies, which are automatically accepted upon purchasing passes or memberships.<\/p><p>All members are required to maintain order and cleanliness on the premises. It is a basic expectation to respect other members, behave respectfully, and comply with hygiene regulations. Individuals with infectious diseases are not permitted to enter the gym.<\/p><p>Entry to the gym area is allowed only in appropriate sportswear suitable for the exercises performed. Wearing closed-toe indoor sneakers is mandatory during workouts.<\/p><p>Only drinks in plastic bottles are permitted in the gym area; bringing any other type of beverage or item is strictly prohibited.<\/p><p>A klub szolg\u00e1ltat\u00e1sait ig\u00e9nybe vev\u0151 vend\u00e9g r\u00e9sz\u00e9re az \u00fczemeltet\u0151 a ruhav\u00e1lt\u00e1shoz a nemenk\u00e9nt elk\u00fcl\u00f6n\u00edtett \u00f6lt\u00f6z\u0151kben egy \u00f6lt\u00f6z\u0151szekr\u00e9nyt biztos\u00edt.<\/p><p>Members must return all items provided upon entry (e.g., towels, heart rate monitors, gym equipment, etc.) to the reception upon leaving.<\/p><p>Members are financially responsible to the operator for any items issued to them at entry.<\/p><p><strong>Prohibited Activities at Synergym:<\/strong><\/p><p>Smoking and consuming alcohol.<\/p><p>Engaging in activities outside the scope of Synergym\u2019s services, those that violate laws, or those that offend public decency.<\/p><p>Any activity disturbing others, such as loud noise, unpleasant odors, or other nuisances harmful to Synergym members and the environment.<\/p><p>The use or possession of drugs banned performance-enhancing substances, narcotics, or any harmful materials or objects, as well as carrying in any alcoholic beverages or animals.<\/p><p>Engaging in commercial activities, advertising, propaganda, illegal gambling, distributing flyers, or providing music services without the operator\u2019s prior approval.<\/p><p>Recording audio or video on devices.<\/p><p>Engaging in political activities.<\/p><p>The operator of Synergym reserves the right to host private events on the entire territory or specific areas of the facility, excluding access for the general clientele.<\/p><p>The operator reserves the right to make changes to schedules, classes, and pricing.<\/p><p>Only qualified instructors and trainers, registered with the club's management, are authorized to conduct sports-related activities, hold training sessions or classes on Synergym\u2019s premises.<\/p><p><strong>Opening hours<\/strong><\/p><p>The gym\u2019s services are only available during opening hours.<\/p><p>H\u00e9tf\u0151t\u0151l \u2013 p\u00e9ntekig: 6-22 \u00f3r\u00e1ig<\/p><p>Sat-Sun: 08:00 \u2013 20:00<\/p><p>On public holidays: according to pre-confirmed schedule<\/p><p>Members using Synergym\u2019s services are required to leave the premises no later than the closing time, in accordance with the opening hours.<\/p><p><strong>Locker Room Use<\/strong><\/p><p>The facility assumes no responsibility for items left in the locker room or lockers. Members are advised to store their valuables in the complimentary storage located next to the reception desk.<\/p><p>Leaving trash in lockers after leaving the facility is strictly prohibited.<\/p><p><strong>Gym Area Policies<\/strong><\/p><p>Children under the age of 14 are not permitted in the gym area.<\/p><p>The gym area is allowed to be used only in clean, hygienically appropriate attire suitable for exercising using gym equipment. This includes shoes, tank tops, T-shirts, and sweatpants. It is prohibited to exercise in slippers, sandals, or barefoot. Wearing outside shoes is strictly prohibited. Synergym\u2019s personal trainers, instructors, receptionists, and managers have the right to remind members to wear appropriate sports attire.<\/p><p>Gym equipment and machines may only be used as intended. When using the equipment, members must consider their own health, fitness level, body type, and strength.<\/p><p>A g\u00e9pekre \u00e9s eszk\u00f6z\u00f6kre \u2013 higi\u00e9niai okokb\u00f3l \u2013 t\u00f6r\u00f6lk\u00f6z\u0151 leter\u00edt\u00e9s\u00e9vel lehet \u00fclni \u00e9s fek\u00fcdni.<br \/>A meghib\u00e1sodott g\u00e9pekr\u0151l minden esetben t\u00e1j\u00e9koztatni kell a recepci\u00f3n dolgoz\u00f3kat, a hiba mihamarabbi elh\u00e1r\u00edt\u00e1sa \u00e9rdek\u00e9ben.<\/p><p>After use, members are required to return the equipment to its proper place, reset the machines to their default or start positions.<\/p><p>All equipment, dumbbells and weight plates must be returned to their designated storage areas.<\/p><p>Dropping dumbbells onto the floor is strictly prohibited.<\/p><p><strong>Final Guidelines<\/strong><\/p><p>In the event of a violation of these Gym Policies or generally accepted standards of behavior, the operator is allowed to issue a warning to the offender. If the behavior persists, the operator reserves the right to request the member or visitor to leave the premises or temporarily or permanently cancel their membership.<\/p><p>In cases beyond the operator\u2019s authority, the operator is allowed to seek assistance from the police or other authorities.<\/p><p>A member who has been banned from the facility for violating the rules cannot make claims against the operator.<\/p><p>The operator reserves the right to amend or add to the Gym Policies at their own discretion.<\/p>\t\t\t\t\t\t\t\t<\/div>\n\t\t\t\t<\/div>\n\t\t\t\t\t<\/div>\n\t\t<\/div>\n\t\t\t\t\t<\/div>\n\t\t<\/section>\n\t\t\t\t<\/div>","protected":false},"excerpt":{"rendered":"<p>H\u00e1zirend A Synergym Fitness terem h\u00e1zirendje +36 1 781 6620 info@synergym.hu 1142 Bp. Hung\u00e1ria krt. 130. Az Synergym \u00fczemeltet\u00e9s\u00e9t az ArtiFF Kft. (telephely: 1143 Budapest, Gizella \u00fat 51-57.) v\u00e9gzi. A H\u00e1zirend c\u00e9lja, hogy meghat\u00e1rozza azokat az alapvet\u0151 szab\u00e1lyokat, amelyek a Fitness terem biztons\u00e1gos, rendeltet\u00e9sszer\u0171 \u00fczemeltet\u00e9s\u00e9hez, \u00e1llag\u00e1nak meg\u0151rz\u00e9s\u00e9hez, m\u0171k\u00f6d\u00e9s\u00e9hez sz\u00fcks\u00e9gesek. Tov\u00e1bb\u00e1, hogy el\u0151\u00edrja azokat a viselked\u00e9si [&hellip;]<\/p>\n","protected":false},"author":1,"featured_media":0,"parent":0,"menu_order":0,"comment_status":"closed","ping_status":"closed","template":"elementor_header_footer","meta":{"footnotes":""},"class_list":["post-1374","page","type-page","status-publish","hentry","entry"],"_links":{"self":[{"href":"https:\/\/synergym.hu\/en\/wp-json\/wp\/v2\/pages\/1374","targetHints":{"allow":["GET"]}}],"collection":[{"href":"https:\/\/synergym.hu\/en\/wp-json\/wp\/v2\/pages"}],"about":[{"href":"https:\/\/synergym.hu\/en\/wp-json\/wp\/v2\/types\/page"}],"author":[{"embeddable":true,"href":"https:\/\/synergym.hu\/en\/wp-json\/wp\/v2\/users\/1"}],"replies":[{"embeddable":true,"href":"https:\/\/synergym.hu\/en\/wp-json\/wp\/v2\/comments?post=1374"}],"version-history":[{"count":6,"href":"https:\/\/synergym.hu\/en\/wp-json\/wp\/v2\/pages\/1374\/revisions"}],"predecessor-version":[{"id":3480,"href":"https:\/\/synergym.hu\/en\/wp-json\/wp\/v2\/pages\/1374\/revisions\/3480"}],"wp:attachment":[{"href":"https:\/\/synergym.hu\/en\/wp-json\/wp\/v2\/media?parent=1374"}],"curies":[{"name":"wp","href":"https:\/\/api.w.org\/{rel}","templated":true}]}}