{"id":1441,"date":"2020-10-20T20:08:12","date_gmt":"2020-10-20T18:08:12","guid":{"rendered":"https:\/\/synergym.hu\/?page_id=1441"},"modified":"2023-01-20T18:15:39","modified_gmt":"2023-01-20T16:15:39","slug":"cookie-nyilatkozat","status":"publish","type":"page","link":"https:\/\/synergym.hu\/en\/cookie-nyilatkozat\/","title":{"rendered":"Cookie policy"},"content":{"rendered":"<div data-elementor-type=\"wp-page\" data-elementor-id=\"1441\" class=\"elementor elementor-1441\" data-elementor-post-type=\"page\">\n\t\t\t\t\t\t<section class=\"elementor-section elementor-top-section elementor-element elementor-element-47103af elementor-section-height-min-height elementor-section-boxed elementor-section-height-default elementor-section-items-middle\" data-id=\"47103af\" data-element_type=\"section\" data-e-type=\"section\" data-settings=\"{&quot;background_background&quot;:&quot;gradient&quot;}\">\n\t\t\t\t\t\t<div class=\"elementor-container elementor-column-gap-no\">\n\t\t\t\t\t<div class=\"elementor-column elementor-col-50 elementor-top-column elementor-element elementor-element-e6bce39\" data-id=\"e6bce39\" data-element_type=\"column\" data-e-type=\"column\" data-settings=\"{&quot;background_background&quot;:&quot;classic&quot;}\">\n\t\t\t<div class=\"elementor-widget-wrap elementor-element-populated\">\n\t\t\t\t\t\t<div class=\"elementor-element elementor-element-e8f7d69 elementor-widget elementor-widget-heading\" data-id=\"e8f7d69\" data-element_type=\"widget\" data-e-type=\"widget\" data-widget_type=\"heading.default\">\n\t\t\t\t<div class=\"elementor-widget-container\">\n\t\t\t\t\t<h2 class=\"elementor-heading-title elementor-size-default\">Cookie policy<\/h2>\t\t\t\t<\/div>\n\t\t\t\t<\/div>\n\t\t\t\t<div class=\"elementor-element elementor-element-8b0eb70 elementor-widget elementor-widget-text-editor\" data-id=\"8b0eb70\" data-element_type=\"widget\" data-e-type=\"widget\" data-widget_type=\"text-editor.default\">\n\t\t\t\t<div class=\"elementor-widget-container\">\n\t\t\t\t\t\t\t\t\tSynergym Fitness\t\t\t\t\t\t\t\t<\/div>\n\t\t\t\t<\/div>\n\t\t\t\t\t<\/div>\n\t\t<\/div>\n\t\t\t\t<div class=\"elementor-column elementor-col-50 elementor-top-column elementor-element elementor-element-fb990d3\" data-id=\"fb990d3\" data-element_type=\"column\" data-e-type=\"column\">\n\t\t\t<div class=\"elementor-widget-wrap elementor-element-populated\">\n\t\t\t\t\t\t<div class=\"elementor-element elementor-element-5a23285 elementor-icon-list--layout-traditional elementor-list-item-link-full_width elementor-widget elementor-widget-icon-list\" data-id=\"5a23285\" data-element_type=\"widget\" data-e-type=\"widget\" data-widget_type=\"icon-list.default\">\n\t\t\t\t<div class=\"elementor-widget-container\">\n\t\t\t\t\t\t\t<ul class=\"elementor-icon-list-items\">\n\t\t\t\t\t\t\t<li class=\"elementor-icon-list-item\">\n\t\t\t\t\t\t\t\t\t\t\t<span class=\"elementor-icon-list-icon\">\n\t\t\t\t\t\t\t<i aria-hidden=\"true\" class=\"fas fa-phone-alt\"><\/i>\t\t\t\t\t\t<\/span>\n\t\t\t\t\t\t\t\t\t\t<span class=\"elementor-icon-list-text\">+36 1 781 6620<\/span>\n\t\t\t\t\t\t\t\t\t<\/li>\n\t\t\t\t\t\t\t\t<li class=\"elementor-icon-list-item\">\n\t\t\t\t\t\t\t\t\t\t\t<span class=\"elementor-icon-list-icon\">\n\t\t\t\t\t\t\t<i aria-hidden=\"true\" class=\"far fa-envelope\"><\/i>\t\t\t\t\t\t<\/span>\n\t\t\t\t\t\t\t\t\t\t<span class=\"elementor-icon-list-text\">info@synergym.hu<\/span>\n\t\t\t\t\t\t\t\t\t<\/li>\n\t\t\t\t\t\t\t\t<li class=\"elementor-icon-list-item\">\n\t\t\t\t\t\t\t\t\t\t\t<span class=\"elementor-icon-list-icon\">\n\t\t\t\t\t\t\t<i aria-hidden=\"true\" class=\"far fa-building\"><\/i>\t\t\t\t\t\t<\/span>\n\t\t\t\t\t\t\t\t\t\t<span class=\"elementor-icon-list-text\">1142 Bp. Hung\u00e1ria krt. 130.<\/span>\n\t\t\t\t\t\t\t\t\t<\/li>\n\t\t\t\t\t\t<\/ul>\n\t\t\t\t\t\t<\/div>\n\t\t\t\t<\/div>\n\t\t\t\t\t<\/div>\n\t\t<\/div>\n\t\t\t\t\t<\/div>\n\t\t<\/section>\n\t\t\t\t<section class=\"elementor-section elementor-top-section elementor-element elementor-element-9a1b247 elementor-section-boxed elementor-section-height-default elementor-section-height-default\" data-id=\"9a1b247\" data-element_type=\"section\" data-e-type=\"section\" data-settings=\"{&quot;background_background&quot;:&quot;classic&quot;,&quot;shape_divider_top&quot;:&quot;pyramids&quot;}\">\n\t\t\t\t\t<div class=\"elementor-shape elementor-shape-top\" aria-hidden=\"true\" data-negative=\"false\">\n\t\t\t<svg xmlns=\"http:\/\/www.w3.org\/2000\/svg\" viewbox=\"0 0 1000 100\" preserveaspectratio=\"none\">\n\t<path class=\"elementor-shape-fill\" d=\"M761.9,44.1L643.1,27.2L333.8,98L0,3.8V0l1000,0v3.9\"\/>\n<\/svg>\t\t<\/div>\n\t\t\t\t\t<div class=\"elementor-container elementor-column-gap-no\">\n\t\t\t\t\t<div class=\"elementor-column elementor-col-100 elementor-top-column elementor-element elementor-element-a66b405\" data-id=\"a66b405\" data-element_type=\"column\" data-e-type=\"column\" data-settings=\"{&quot;background_background&quot;:&quot;classic&quot;}\">\n\t\t\t<div class=\"elementor-widget-wrap elementor-element-populated\">\n\t\t\t\t\t\t<div class=\"elementor-element elementor-element-de5915c elementor-widget elementor-widget-text-editor\" data-id=\"de5915c\" data-element_type=\"widget\" data-e-type=\"widget\" data-widget_type=\"text-editor.default\">\n\t\t\t\t<div class=\"elementor-widget-container\">\n\t\t\t\t\t\t\t\t\t<p style=\"text-align: left;\"><strong>Effective: December 1, 2020<\/strong><\/p><p><strong>1. What are cookies, and how can you change the settings?<\/strong><\/p><p>Cookies (hereinafter referred to as \"cookie\") are small text files that a website can use to make the user experience more efficient.<\/p><p>Some cookies are only temporary and disappear once the browser is closed, while others remain on the user\u2019s device for an indefinite period. According to regulations, cookies may only be stored on a visitor\u2019s device if they are strictly essential for the operation of our website.<\/p><p>The use of all other types of cookies requires the user\u2019s consent. This website uses a variety of cookies. Some of the cookies on the website are placed by third-party service providers.<\/p><p>Browsers allow users to change cookie settings. Most browsers are set to accept cookies by default, but this can be changed to prevent automatic acceptance after editing the settings.<\/p><p>If you would like to learn more about changing your browser settings, review your browser's instructions or Help section. You can find more information about cookie settings for the following browsers at the links below:<\/p><p><a href=\"https:\/\/support.google.com\/accounts\/answer\/61416?hl=hu\" target=\"_blank\" rel=\"noopener\">Google Chrome<\/a><\/p><p><a href=\"https:\/\/support.mozilla.org\/hu\/kb\/S%C3%BCtik%20kezel%C3%A9se\" target=\"_blank\" rel=\"noopener\">Firefox<\/a><\/p><p><a href=\"http:\/\/windows.microsoft.com\/hu-hu\/internet-explorer\/delete-manage-cookies#ie=ie-11\" target=\"_blank\" rel=\"noopener\">Microsoft Internet Explorer 11<\/a><\/p><p><a href=\"http:\/\/windows.microsoft.com\/hu-hu\/internet-explorer\/delete-manage-cookies#ie=ie-10\" target=\"_blank\" rel=\"noopener\">Microsoft Internet Explorer 10<\/a><\/p><p><a href=\"http:\/\/windows.microsoft.com\/hu-hu\/windows-10\/edge-privacy-faq\" target=\"_blank\" rel=\"noopener\">Microsoft Edge<\/a><\/p><p><a href=\"http:\/\/support.apple.com\/kb\/index?page=search&amp;q=cookies%20safari\" target=\"_blank\" rel=\"noopener\">Safari<\/a><\/p><p><strong>2. Where is the information provided, and consent required regarding cookie management?<\/strong><\/p><p>When you visit our website for the first time, a pop-up window will appear at the bottom of the screen, allowing you to select which cookies you consent to.<\/p><p>This window also includes the link to our Privacy Policy.<\/p><p><strong>3. Types of cookies<\/strong><\/p><p><strong>3.1. Essential cookies<\/strong><\/p><p>Essential cookies support the accessibility of our website by enabling necessary functions such as navigation and access to secure areas of the website.<\/p><p>Without these cookies, the website cannot function properly.<\/p><ul><li>CookieConsent: Stores the user's cookie consent settings for the current domain. Duration: 1 year.<\/li><\/ul><ul><li>Elementor: Is associated with the website's topic, helping the website\u2019s owner modify the content of the site. Duration: Permanent.<\/li><\/ul><p><strong>3.2. Preference cookies<\/strong><\/p><p>Preference cookies allow us to keep information that changes certain aspects of the website's usability or appearance, such as the language or the region you selected.<\/p><ul><li>cahty_settings: Collects data on how a user interacts with the live chat feature on the website. Duration: 6 days.<\/li><\/ul><p><strong>3.3. Statistical cookies<\/strong><\/p><p><span style=\"font-size: 21px;\">Statistical cookies help the website\u2019s owner understand how users interact with the website by collecting and reporting data anonymously.<\/span><\/p><ul><li>_ga: Records a unique identifier to create anonymous statistical data about how the website is used. Duration: 2 years.<\/li><\/ul><p><strong>3.4. Marketing cookies<\/strong><\/p><p>Personalized cookies are used to track the visitor\u2019s website activity. The goal is to show more relevant advertisements for individual users, present content tailored to their preferences and encourage engagement.<\/p><ul><li>fr: Used by Facebook to target users with a higher likelihood of purchasing based on their browsing habits. Duration: 3 months.<\/li><\/ul><ul><li>tr: Used by Facebook to target users with a higher likelihood of purchasing based on their browsing habits. Duration: Until the visitor closes the browser.<\/li><\/ul><ul><li>_fbp: Used by Facebook to target users with a higher likelihood of purchasing based on their browsing habits. Duration: 3 months.<\/li><\/ul><p><strong>4. Managing and disabling cookie settings<\/strong><\/p><p>Modern browsers allow users to change their cookie settings. Some browsers are set to accept cookies by default, but this can be changed to prevent automatic acceptance after editing the settings.<\/p><p>Once changed, the browser will allow the user to manage the cookie settings each time the website is opened.<\/p><p>The Data Operator does not keep any identifiers or passwords even when cookies are enabled. Visitors can use our services with complete security, even if they accept the cookies.<\/p><p>We would like to inform our visitors that since cookies are intended to support and enhance the usability and processes of the website, disabling cookies may prevent full access to the website features.<\/p><p>In such cases, the website may not function properly in the browser.<\/p>\t\t\t\t\t\t\t\t<\/div>\n\t\t\t\t<\/div>\n\t\t\t\t\t<\/div>\n\t\t<\/div>\n\t\t\t\t\t<\/div>\n\t\t<\/section>\n\t\t\t\t<\/div>","protected":false},"excerpt":{"rendered":"<p>Cookie nyilatkozat Synergym Fitness +36 1 781 6620 info@synergym.hu 1142 Bp. Hung\u00e1ria krt. 130. HAT\u00c1LYOS: 2020. DECEMBER 1. 1.\u00a0 Mik azok a cookie-k (s\u00fctik) \u00e9s hogyan tudod m\u00f3dos\u00edtani a be\u00e1ll\u00edt\u00e1sokat? A \u201ecookie\u201d-k (tov\u00e1bbiakban: \u201ecookie\u201d vagy \u201es\u00fcti\u201d) olyan kis sz\u00f6veges f\u00e1jlok, amelyeket egy weboldal felhaszn\u00e1lhat arra, hogy m\u00e9g hat\u00e9konyabb\u00e1 tegye a felhaszn\u00e1l\u00f3i \u00e9lm\u00e9nyt. N\u00e9h\u00e1ny \u201cs\u00fcti\u201d csak [&hellip;]<\/p>\n","protected":false},"author":1,"featured_media":0,"parent":0,"menu_order":0,"comment_status":"closed","ping_status":"closed","template":"elementor_header_footer","meta":{"footnotes":""},"class_list":["post-1441","page","type-page","status-publish","hentry","entry"],"_links":{"self":[{"href":"https:\/\/synergym.hu\/en\/wp-json\/wp\/v2\/pages\/1441","targetHints":{"allow":["GET"]}}],"collection":[{"href":"https:\/\/synergym.hu\/en\/wp-json\/wp\/v2\/pages"}],"about":[{"href":"https:\/\/synergym.hu\/en\/wp-json\/wp\/v2\/types\/page"}],"author":[{"embeddable":true,"href":"https:\/\/synergym.hu\/en\/wp-json\/wp\/v2\/users\/1"}],"replies":[{"embeddable":true,"href":"https:\/\/synergym.hu\/en\/wp-json\/wp\/v2\/comments?post=1441"}],"version-history":[{"count":0,"href":"https:\/\/synergym.hu\/en\/wp-json\/wp\/v2\/pages\/1441\/revisions"}],"wp:attachment":[{"href":"https:\/\/synergym.hu\/en\/wp-json\/wp\/v2\/media?parent=1441"}],"curies":[{"name":"wp","href":"https:\/\/api.w.org\/{rel}","templated":true}]}}