{"id":2067,"date":"2020-10-27T19:26:22","date_gmt":"2020-10-27T17:26:22","guid":{"rendered":"https:\/\/synergym.hu\/?page_id=2067"},"modified":"2023-01-20T18:46:39","modified_gmt":"2023-01-20T16:46:39","slug":"szerzodesi-feltetelek","status":"publish","type":"page","link":"https:\/\/synergym.hu\/en\/szerzodesi-feltetelek\/","title":{"rendered":"Terms and Conditions"},"content":{"rendered":"<div data-elementor-type=\"wp-page\" data-elementor-id=\"2067\" class=\"elementor elementor-2067\" data-elementor-post-type=\"page\">\n\t\t\t\t\t\t<section class=\"elementor-section elementor-top-section elementor-element elementor-element-900e2db elementor-section-height-min-height elementor-section-boxed elementor-section-height-default elementor-section-items-middle\" data-id=\"900e2db\" data-element_type=\"section\" data-e-type=\"section\" data-settings=\"{&quot;background_background&quot;:&quot;gradient&quot;}\">\n\t\t\t\t\t\t<div class=\"elementor-container elementor-column-gap-no\">\n\t\t\t\t\t<div class=\"elementor-column elementor-col-50 elementor-top-column elementor-element elementor-element-773436f\" data-id=\"773436f\" data-element_type=\"column\" data-e-type=\"column\" data-settings=\"{&quot;background_background&quot;:&quot;classic&quot;}\">\n\t\t\t<div class=\"elementor-widget-wrap elementor-element-populated\">\n\t\t\t\t\t\t<div class=\"elementor-element elementor-element-49221b5 elementor-widget elementor-widget-heading\" data-id=\"49221b5\" data-element_type=\"widget\" data-e-type=\"widget\" data-widget_type=\"heading.default\">\n\t\t\t\t<div class=\"elementor-widget-container\">\n\t\t\t\t\t<h2 class=\"elementor-heading-title elementor-size-default\">Terms and Conditions<\/h2>\t\t\t\t<\/div>\n\t\t\t\t<\/div>\n\t\t\t\t<div class=\"elementor-element elementor-element-952edb5 elementor-widget elementor-widget-text-editor\" data-id=\"952edb5\" data-element_type=\"widget\" data-e-type=\"widget\" data-widget_type=\"text-editor.default\">\n\t\t\t\t<div class=\"elementor-widget-container\">\n\t\t\t\t\t\t\t\t\tSynergym Fitness Center Gym Policies\t\t\t\t\t\t\t\t<\/div>\n\t\t\t\t<\/div>\n\t\t\t\t\t<\/div>\n\t\t<\/div>\n\t\t\t\t<div class=\"elementor-column elementor-col-50 elementor-top-column elementor-element elementor-element-6f41256\" data-id=\"6f41256\" data-element_type=\"column\" data-e-type=\"column\">\n\t\t\t<div class=\"elementor-widget-wrap elementor-element-populated\">\n\t\t\t\t\t\t<div class=\"elementor-element elementor-element-e805422 elementor-icon-list--layout-traditional elementor-list-item-link-full_width elementor-widget elementor-widget-icon-list\" data-id=\"e805422\" data-element_type=\"widget\" data-e-type=\"widget\" data-widget_type=\"icon-list.default\">\n\t\t\t\t<div class=\"elementor-widget-container\">\n\t\t\t\t\t\t\t<ul class=\"elementor-icon-list-items\">\n\t\t\t\t\t\t\t<li class=\"elementor-icon-list-item\">\n\t\t\t\t\t\t\t\t\t\t\t<span class=\"elementor-icon-list-icon\">\n\t\t\t\t\t\t\t<i aria-hidden=\"true\" class=\"fas fa-phone-alt\"><\/i>\t\t\t\t\t\t<\/span>\n\t\t\t\t\t\t\t\t\t\t<span class=\"elementor-icon-list-text\">+36 1 781 6620<\/span>\n\t\t\t\t\t\t\t\t\t<\/li>\n\t\t\t\t\t\t\t\t<li class=\"elementor-icon-list-item\">\n\t\t\t\t\t\t\t\t\t\t\t<span class=\"elementor-icon-list-icon\">\n\t\t\t\t\t\t\t<i aria-hidden=\"true\" class=\"far fa-envelope\"><\/i>\t\t\t\t\t\t<\/span>\n\t\t\t\t\t\t\t\t\t\t<span class=\"elementor-icon-list-text\">info@synergym.hu<\/span>\n\t\t\t\t\t\t\t\t\t<\/li>\n\t\t\t\t\t\t\t\t<li class=\"elementor-icon-list-item\">\n\t\t\t\t\t\t\t\t\t\t\t<span class=\"elementor-icon-list-icon\">\n\t\t\t\t\t\t\t<i aria-hidden=\"true\" class=\"far fa-building\"><\/i>\t\t\t\t\t\t<\/span>\n\t\t\t\t\t\t\t\t\t\t<span class=\"elementor-icon-list-text\">1142 Bp. Hung\u00e1ria krt. 130.<\/span>\n\t\t\t\t\t\t\t\t\t<\/li>\n\t\t\t\t\t\t<\/ul>\n\t\t\t\t\t\t<\/div>\n\t\t\t\t<\/div>\n\t\t\t\t\t<\/div>\n\t\t<\/div>\n\t\t\t\t\t<\/div>\n\t\t<\/section>\n\t\t\t\t<section class=\"elementor-section elementor-top-section elementor-element elementor-element-7591454 elementor-section-boxed elementor-section-height-default elementor-section-height-default\" data-id=\"7591454\" data-element_type=\"section\" data-e-type=\"section\" data-settings=\"{&quot;background_background&quot;:&quot;classic&quot;,&quot;shape_divider_top&quot;:&quot;pyramids&quot;}\">\n\t\t\t\t\t<div class=\"elementor-shape elementor-shape-top\" aria-hidden=\"true\" data-negative=\"false\">\n\t\t\t<svg xmlns=\"http:\/\/www.w3.org\/2000\/svg\" viewbox=\"0 0 1000 100\" preserveaspectratio=\"none\">\n\t<path class=\"elementor-shape-fill\" d=\"M761.9,44.1L643.1,27.2L333.8,98L0,3.8V0l1000,0v3.9\"\/>\n<\/svg>\t\t<\/div>\n\t\t\t\t\t<div class=\"elementor-container elementor-column-gap-no\">\n\t\t\t\t\t<div class=\"elementor-column elementor-col-100 elementor-top-column elementor-element elementor-element-4f56507\" data-id=\"4f56507\" data-element_type=\"column\" data-e-type=\"column\" data-settings=\"{&quot;background_background&quot;:&quot;classic&quot;}\">\n\t\t\t<div class=\"elementor-widget-wrap elementor-element-populated\">\n\t\t\t\t\t\t<div class=\"elementor-element elementor-element-e86fffa elementor-widget elementor-widget-text-editor\" data-id=\"e86fffa\" data-element_type=\"widget\" data-e-type=\"widget\" data-widget_type=\"text-editor.default\">\n\t\t\t\t<div class=\"elementor-widget-container\">\n\t\t\t\t\t\t\t\t\tPlease read the Terms and Conditions carefully before making a purchase or using any of our services. Use our services only if you agree with the terms highlighted. Both parties consider these terms binding. \n<br><br>\n\nThese Terms and Conditions (hereinafter referred to as \"T&amp;C\") outline the rights and obligations of the client requesting services or products offered by Synergym, operated by ArtiFF Limited Liability Company (LLC). \n<br><br>\n<strong>Service Provider (Seller): ArtiFF LLC<\/strong>.\n<br>\n<strong>Registered Office: 1142 Budapest, Tengerszem St. 80<\/strong>\n<br>\n<strong>Tax Number: 23057890-2-42<\/strong>\n<br>\n<strong>Bank: OTP<\/strong>\n<br>\n<strong>Bank Account Number: 11714051-21455931<\/strong>\n<br>\n<strong>Represented By: T\u00fcnde Cs\u00e1kin\u00e9 Heged\u00fcs<\/strong>\n<br>\n<strong>Email Address: info@synergym.hu<\/strong>\n<br>\n<strong>Phone Number: +36203597604<\/strong>\n<br><br>\nPREAMBLE\n<br><br>\nDefinition of Terms Used in the T&amp;C:\n<br><br>\nParties: The Seller (Service Provider) and the Buyer (Client) collectively.\n<br><br>\nSeller (Service Provider): The operator of Synergym Fitness Center and the website www.synergym.hu.\n<br><br>\nBuyer (Client): A person who submits a purchase offer through the Service Provider's website or in-person and creates a contract by requesting the purchase.\n<br><br>\nT&amp;C (Terms and Conditions): This document highlights the details of the legal relationship between the Seller and the Buyer, as well as the terms and regulations of the concluded transaction.\n<br><br>\n<strong>Entry and Registration<\/strong>\n<br><br>\nAccessing the services of Synergym Fitness Center is only available after registering by filling out the Registration Form. Upon registration, the visitor will receive a single-use or multi-use access card, depending on the purchased service and membership. The access card is strictly personal and non-transferable. The cardholder is responsible for their own access card.\n<br><br>\nVisitors are held responsible for the access card, which remains the property of Synergym. In the event of damage or loss, the member is required to purchase a replacement card to continue using Synergym's services. The visitor must immediately report any loss or theft of the access card.\n<br><br>\nAccess to Synergym\u2019s fitness and wellness areas are available only with a validated access card at the reception desk and for visitors holding a valid day pass or membership.\n<br><br>\nThe fees for Synergym\u2019s services must be paid in advance upon entry.\n<br><br>\nMembership passes can only be used within their validity period; remaining sessions will not be refunded after the expiration date.\n<br><br>\nMembership extensions due to illness are only possible with a valid medical certificate. Each user may request a membership extension only once per calendar year.\n<br><br>\nWith unlimited monthly memberships, visitors can enter the facility once per day. Multi-session memberships permit multiple entries per day, with each entry deducting one session from the total.\n<br><br>\nAny suspected misuse or fraud involving a Synergym membership will result in a report being filed with the police.\n<br><br>\n<strong>Additional Services<\/strong>\n<br><br>\nSynergym provides towels to members upon entry for a usage and deposit fee. Members are required to return the towels upon exit by placing them in the collection basket next the reception desk.\n<br><br>\nCurrently, Synergym offers its sauna facilities free of charge to its members; however, these services are not considered part of the basic offerings. Synergym reserves the right to change this policy at any time.\n<br><br>\nThe use of the sauna is at each member\u2019s own risk. Members must adhere to the relevant provisions of the Gym Policies and the appropriate usage rules placed next to the entrance.\n<br><br>\n<strong>General Policies<\/strong>\n<br><br>\nSynergym\u2019s property is private. The facility and equipment located on the premises may only be used as intended and in accordance with the provisions of the Gym Policies.\n<br><br>\nMembers can use Synergym's facilities and services at their own risk. Synergym excludes liability for damages arising from the use of its services or sports equipment, except where such exclusion or limitation is explicitly prohibited by law.\n<br><br>\nSynergym is not liable for damages resulting from the violation of the Gym Policies, particularly damages related to the loss, theft, or damage of valuables on its territory.\n<br><br>\nFor members, Synergym provides free storage for valuables in a monitored area near the reception, which is under video surveillance.\n<br><br>\n<strong>Code of Conduct<\/strong>\n<br><br>\nAll guests are expected to maintain order and cleanliness on Synergym\u2019s premises.\n<br><br>\nSynergym's services must be used appropriately and in a manner that does not disturb the peace or workout of other members.\n<br><br>\nIndividuals who are incapacitated, under the influence of alcohol or drugs, or are infectious and unwell to be in a public space, are not allowed to enter Synergym Fitness Center.\n<br><br>\nPregnant women may use Synergym\u2019s services solely at their own risk.\n<br><br>\nChildren under the age of 14 are allowed to use our services only under the supervision of a parent or a personal trainer. Children under the age of 6 are allowed on the premises only with the permission of Synergym management. \n<br><br>\nAggressive, rude, or dangerous behavior that threatens the safety of others \u2014 such as pushing, fighting, or threatening \u2014 is strictly prohibited on Synergym\u2019s premises.\n<br><br>\nAdditionally, any behavior disrupting the workout of other members is prohibited.\nIn the event of aggressive communication or behavior towards the staff of Synergym, we reserve the right to deny entry to the member or suspend their membership.\n<br><br>\nSynergym has the right to prohibit individuals who violate the Gym Policies from using its services or, if necessary, remove or have them removed from the premises of Synergym. In cases beyond the authority of Synergym management, we reserve the right to request assistance from the police or other authorities. Visitors who are removed from the premises or banned from using Synergym\u2019s services cannot make any claims against Synergym or its management.\n<br><br>\nMembers may only use the services of Synergym while wearing appropriate attire required for the use of the facility (see additional information in Gym Policies).\n<br><br>\nThe consumption of alcohol and smoking, including all types of electronic cigarettes, is strictly prohibited on the territory of Synergym.\n<br><br>\nIt is prohimited to bring any dangerous materials (infectious, toxic, flammable, explosive, irritant or harmful substances causing dust, gas, vapor, mist, or radiation), weapons, sharp objects or cutting tools, or any other item deemed dangerous by management, as well as narcotics, intoxicating substances, or alcohol, onto Synergym's premises.\n<br><br>\nScooters and bicycles are not allowed inside Synergym\u2019s premises. Storage facilities are available at the bicycle rack near the office building entrance, but the usage of these is at the owner\u2019s own risk.\n<br><br>\nBringing fragile items (e.g., glass) or sharp objects into the facility is prohibited. Drinks (non-alcoholic beverages such as water or soda) may only be brought in in plastic bottles.\n<br><br>\nCommercial activities of any kind are strictly prohibited on Synergym\u2019s premises. This includes barter, currency exchange, sales, advertising, propaganda (e.g., placing advertisements, posters, or flyers), distribution of promotional items or product samples, the sale of personal items for business purposes, insurance brokerage or trading, illegal gambling, and the provision of music services.\n<br><br>\nPromotional activities of any kind may only be carried out on Synergym\u2019s premises with prior approval from Synergym management.\n<br><br>\nAny decorative or promotional materials (e.g., plants, flyers, advertisements, promotional items), electronic devices, or children\u2019s toys may only be brought in on Synergym\u2019s premises with prior approval from Synergym management.\n<br><br>\nIt is prohibited to record audio, video, or take photographs on Synergym\u2019s premises or during sessions without prior approval from Synergym management.\n<br><br>\nPersonal training or instructions may only be conducted by certified personal trainers, instructors, or coaches who have a contract with Synergym. Third parties are not authorized to provide such services on the territory of Synergym.\n<br><br>\n<strong>Use of Synergym Services<\/strong>\n<br><br>\n<em>Sauna Area and Locker Room Use<\/em>\n<br><br>\nSynergym provides gender-separated locker rooms and showers, as well as a co-ed sauna for its members.\n<br><br>\nThe use of lockers and hairdryers in the locker room is included in the price of passes and memberships.\n<br><br>\nThe sauna rest area may only be used in appropriate attire (swimsuit, towel, or bathrobe). The sauna itself may only be used with a sauna sheet or towel.\n<br><br>\nWearing slippers is mandatory in the sauna area, its lobby and the showers.\n<br><br>\nThe fittings in the restrooms must be used as intended. It is strictly prohibited to dispose of waste, trash (e.g., rags, sanitary pads), or hazardous materials into drains or toilets.\n<br><br>\n<em>Gym Area and Functional Training Room<\/em>\n<br><br>\nMembers are allowed to use the gym equipment provided on Synergym\u2019s premises (e.g., dumbbells, step up platforms, balls, jump ropes, mats, etc.) only for their intended purpose.\n<br><br>\nAfter use, members are required to return the equipment to its proper place, reset the machines to their default or start positions, and return items picked up at the reception desk upon exiting. In the event of damage to or loss of gym equipment, the member is financially liable to Synergym management.\n<br><br>\nGym equipment and machines in the gym area are only allowed to be used as intended and in accordance with their user instructions.\n<br><br>\nMembers can use all gym equipment and machines at their own risk. When using the equipment, members must consider their own health, fitness level, body type, and strength. If you have any questions, please seek assistance or guidance from Synergym staff (particularly from our personal trainers).\n<br><br>\nMembers are financially liable to the Operator for any damage to or loss of gym equipment owned by Synergym and used by the members.\n<br><br>\nOnly Synergym's gym equipment may be used in the Gym Area and Functional Training Room. It is strictly prohibited to bring any other gym equipment into these areas.\n<br><br>\nThe gym area is allowed to be used only in clean, hygienically appropriate attire suitable for exercising using gym equipment. This includes shoes, tank tops, T-shirts, and sweatpants. If you have any questions regarding appropriate attire, please ask a staff member. For hygiene reasons, members must use a towel to avoid direct body contact with the gym machines. Additionally, all machines must be sanitized with disinfectant provided by the facility after use.\n<br><br>\nOutside clothes, outside shoes, or dirty sneakers are not permitted in the gym area.\n<br><br>\nIf a member is wearing inappropriate sports attire, Synergym staff has the right to request that the member changes into suitable and clean clothing. If the member fails to do this, they may be prohibited from using the gym area.\n<br><br>\nImproper use of gym equipment and machines can be dangerous. For any questions or assistance, Synergym staff is always ready and available to help members.\n<br><br>\nTraining in the gym is only permitted in closed-toe sneakers. It is strictly prohibited to exercise in slippers, sandals, socks, tights or barefoot.\n<br><br>\n<strong>What to do in case of an accident or emergency (e.g., fire alarm or bomb threat):<\/strong>\n<br><br>\nUpon noticing an accident or dangerous event, please, immediately notify the reception desk and the appropriate authorities using the following contact numbers:\n<br><br>\nGeneral Emergency: 112\n<br>\nAmbulance: 104\n<br>\nFirefighters: 105\n<br>\nPolice: 107\n<br><br>\nIf there is a fire alarm or bomb threat, all sports activities, sauna use, or other services must be stopped, and the premises must be evacuated immediately.\n<br><br>\nIn case of emergency, the elevator is not operational. Use the nearest staircase and exit to evacuate the building. Follow the emergency exit signs to leave the premises safely.\n<br><br>\nRe-entering the building is only allowed after the emergency has been resolved and with the authorization of the security services.\n<br><br>\nA critical event is any situation or circumstance that significantly deviates from normal conditions and poses a threat to the life or physical safety of people present at Synergym or causes or has the potential to cause severe damage to the financial goods within Synergym or leads to serious disruption in the gym\u2019s operations.\n<br><br>\nIf members notice any threat or accident occurring on Synergym\u2019s premises, they must immediately notify the receptionist on duty to ensure the needed action is taken. The Operator will document the incident in an official report.\n<br><br>\n<strong>Opening hours<\/strong>\n<br><br>\nThe gym\u2019s services are only available during opening hours.\n<br><br>\nMembers using Synergym\u2019s services are required to leave the premises no later than the closing time, in accordance with the opening hours.\n<br><br>\nSynergym\u2019s opening hours:\n<br><br>\nMon-Fri: 06:00 \u2013 23:00\n<br>\nSat-Sun: 08:00 \u2013 20:00\n<br><br>\nBudapest, October 28, 2020\t\t\t\t\t\t\t\t<\/div>\n\t\t\t\t<\/div>\n\t\t\t\t\t<\/div>\n\t\t<\/div>\n\t\t\t\t\t<\/div>\n\t\t<\/section>\n\t\t\t\t<\/div>","protected":false},"excerpt":{"rendered":"<p>Szerz\u0151d\u00e9si felt\u00e9telek A Synergym Fitness terem h\u00e1zirendje +36 1 781 6620 info@synergym.hu 1142 Bp. Hung\u00e1ria krt. 130. K\u00e9rj\u00fck, v\u00e1s\u00e1rl\u00e1s, illetve b\u00e1rmely jelleg\u0171 szolg\u00e1ltat\u00e1s ig\u00e9nybev\u00e9tele el\u0151tt figyelmesen olvassa el az \u00c1ltal\u00e1nos Szerz\u0151d\u00e9si Felt\u00e9teleket \u00e9s kiz\u00e1r\u00f3lag abban az esetben vegye ig\u00e9nybe szolg\u00e1ltat\u00e1sainkat, amennyiben a le\u00edrtakkal egyet\u00e9rt \u00e9s elfogadja azt. Felek magukra n\u00e9zve k\u00f6telez\u0151 \u00e9rv\u00e9ny\u0171nek tekintik. A jelen [&hellip;]<\/p>\n","protected":false},"author":1,"featured_media":0,"parent":0,"menu_order":0,"comment_status":"closed","ping_status":"closed","template":"elementor_header_footer","meta":{"footnotes":""},"class_list":["post-2067","page","type-page","status-publish","hentry","entry"],"_links":{"self":[{"href":"https:\/\/synergym.hu\/en\/wp-json\/wp\/v2\/pages\/2067","targetHints":{"allow":["GET"]}}],"collection":[{"href":"https:\/\/synergym.hu\/en\/wp-json\/wp\/v2\/pages"}],"about":[{"href":"https:\/\/synergym.hu\/en\/wp-json\/wp\/v2\/types\/page"}],"author":[{"embeddable":true,"href":"https:\/\/synergym.hu\/en\/wp-json\/wp\/v2\/users\/1"}],"replies":[{"embeddable":true,"href":"https:\/\/synergym.hu\/en\/wp-json\/wp\/v2\/comments?post=2067"}],"version-history":[{"count":0,"href":"https:\/\/synergym.hu\/en\/wp-json\/wp\/v2\/pages\/2067\/revisions"}],"wp:attachment":[{"href":"https:\/\/synergym.hu\/en\/wp-json\/wp\/v2\/media?parent=2067"}],"curies":[{"name":"wp","href":"https:\/\/api.w.org\/{rel}","templated":true}]}}