{"id":2791,"date":"2023-01-20T19:26:43","date_gmt":"2023-01-20T17:26:43","guid":{"rendered":"https:\/\/synergym.hu\/?page_id=2791"},"modified":"2023-01-20T22:01:08","modified_gmt":"2023-01-20T20:01:08","slug":"thaibox","status":"publish","type":"page","link":"https:\/\/synergym.hu\/en\/thaibox\/","title":{"rendered":"Muay thai"},"content":{"rendered":"<div data-elementor-type=\"wp-page\" data-elementor-id=\"2791\" class=\"elementor elementor-2791\" data-elementor-post-type=\"page\">\n\t\t\t\t\t\t<section class=\"elementor-section elementor-top-section elementor-element elementor-element-e8d848c elementor-section-height-min-height elementor-section-boxed elementor-section-height-default elementor-section-items-middle\" data-id=\"e8d848c\" data-element_type=\"section\" data-e-type=\"section\" data-settings=\"{&quot;background_background&quot;:&quot;classic&quot;}\">\n\t\t\t\t\t\t\t<div class=\"elementor-background-overlay\"><\/div>\n\t\t\t\t\t\t\t<div class=\"elementor-container elementor-column-gap-no\">\n\t\t\t\t\t<div class=\"elementor-column elementor-col-100 elementor-top-column elementor-element elementor-element-eda3a58\" data-id=\"eda3a58\" data-element_type=\"column\" data-e-type=\"column\">\n\t\t\t<div class=\"elementor-widget-wrap elementor-element-populated\">\n\t\t\t\t\t\t<div class=\"elementor-element elementor-element-e6ea03c elementor-widget elementor-widget-heading\" data-id=\"e6ea03c\" data-element_type=\"widget\" data-e-type=\"widget\" data-widget_type=\"heading.default\">\n\t\t\t\t<div class=\"elementor-widget-container\">\n\t\t\t\t\t<h1 class=\"elementor-heading-title elementor-size-default\">Muay thai<\/h1>\t\t\t\t<\/div>\n\t\t\t\t<\/div>\n\t\t\t\t<div class=\"elementor-element elementor-element-2741385 elementor-widget elementor-widget-spacer\" data-id=\"2741385\" data-element_type=\"widget\" data-e-type=\"widget\" data-settings=\"{&quot;_animation&quot;:&quot;none&quot;}\" data-widget_type=\"spacer.default\">\n\t\t\t\t<div class=\"elementor-widget-container\">\n\t\t\t\t\t\t\t<div class=\"elementor-spacer\">\n\t\t\t<div class=\"elementor-spacer-inner\"><\/div>\n\t\t<\/div>\n\t\t\t\t\t\t<\/div>\n\t\t\t\t<\/div>\n\t\t\t\t<div class=\"elementor-element elementor-element-48a11b1 elementor-widget elementor-widget-text-editor\" data-id=\"48a11b1\" data-element_type=\"widget\" data-e-type=\"widget\" data-widget_type=\"text-editor.default\">\n\t\t\t\t<div class=\"elementor-widget-container\">\n\t\t\t\t\t\t\t\t\tChallenge yourself!\t\t\t\t\t\t\t\t<\/div>\n\t\t\t\t<\/div>\n\t\t\t\t\t<\/div>\n\t\t<\/div>\n\t\t\t\t\t<\/div>\n\t\t<\/section>\n\t\t\t\t<section class=\"elementor-section elementor-top-section elementor-element elementor-element-66af23d elementor-section-boxed elementor-section-height-default elementor-section-height-default\" data-id=\"66af23d\" data-element_type=\"section\" data-e-type=\"section\" data-settings=\"{&quot;background_background&quot;:&quot;classic&quot;}\">\n\t\t\t\t\t\t<div class=\"elementor-container elementor-column-gap-no\">\n\t\t\t\t\t<div class=\"elementor-column elementor-col-50 elementor-top-column elementor-element elementor-element-5f07ba2\" data-id=\"5f07ba2\" data-element_type=\"column\" data-e-type=\"column\" data-settings=\"{&quot;background_background&quot;:&quot;classic&quot;}\">\n\t\t\t<div class=\"elementor-widget-wrap elementor-element-populated\">\n\t\t\t\t\t\t<div class=\"elementor-element elementor-element-8ce69d6 elementor-widget elementor-widget-heading\" data-id=\"8ce69d6\" data-element_type=\"widget\" data-e-type=\"widget\" data-widget_type=\"heading.default\">\n\t\t\t\t<div class=\"elementor-widget-container\">\n\t\t\t\t\t<h2 class=\"elementor-heading-title elementor-size-default\">Muay thai<\/h2>\t\t\t\t<\/div>\n\t\t\t\t<\/div>\n\t\t\t\t<div class=\"elementor-element elementor-element-9df9989 elementor-widget elementor-widget-text-editor\" data-id=\"9df9989\" data-element_type=\"widget\" data-e-type=\"widget\" data-widget_type=\"text-editor.default\">\n\t\t\t\t<div class=\"elementor-widget-container\">\n\t\t\t\t\t\t\t\t\t<p>Muay Thai for Kids, Adults and Women<\/p>\t\t\t\t\t\t\t\t<\/div>\n\t\t\t\t<\/div>\n\t\t\t\t<div class=\"elementor-element elementor-element-d2bbe78 elementor-widget elementor-widget-heading\" data-id=\"d2bbe78\" data-element_type=\"widget\" data-e-type=\"widget\" data-widget_type=\"heading.default\">\n\t\t\t\t<div class=\"elementor-widget-container\">\n\t\t\t\t\t<h5 class=\"elementor-heading-title elementor-size-default\">Test your limits with our individual and group Muay Thai classes! We offer Muay Thai classes for kids, beginner to advanced adult groups and women\u2019s classes. Our sessions ensure personalized progress created for your unique needs. \n<br><br>\nKid\u2019s Muay Thai: Developing the new generation is one of our missions. While we nurture competitors, our main goal is to help young people understand the advantages of sports, providing them with unique skills and abilities. Children can greatly benefit from the skills acquired from these sports. Muay Thai is one of the most complex sports, significantly improving movement coordination and physical development.<\/h5>\t\t\t\t<\/div>\n\t\t\t\t<\/div>\n\t\t\t\t<div class=\"elementor-element elementor-element-84732f0 elementor-hidden-tablet elementor-widget elementor-widget-heading\" data-id=\"84732f0\" data-element_type=\"widget\" data-e-type=\"widget\" data-widget_type=\"heading.default\">\n\t\t\t\t<div class=\"elementor-widget-container\">\n\t\t\t\t\t<h5 class=\"elementor-heading-title elementor-size-default\">Women\u2019s Muay Thai: Designed for women and girls who would like to explore the secrets of a combat sport with a rich history while simultaneously improving their fitness.\n<br><br>\nBeginner to Advanced Muay Thai: Whether you\u2019re a beginner or already at an advanced level, you will feel right at home with us. We offer traditional Muay Thai training in a friendly and modern environment. We welcome everyone over the age of 14 who is interested in trying Muay Thai or practicing it regularly. For those more experienced, our advanced classes offer the opportunity to further develop your skills.<\/h5>\t\t\t\t<\/div>\n\t\t\t\t<\/div>\n\t\t\t\t\t<\/div>\n\t\t<\/div>\n\t\t\t\t<div class=\"elementor-column elementor-col-50 elementor-top-column elementor-element elementor-element-8a4705e\" data-id=\"8a4705e\" data-element_type=\"column\" data-e-type=\"column\">\n\t\t\t<div class=\"elementor-widget-wrap elementor-element-populated\">\n\t\t\t\t\t\t<div class=\"elementor-element elementor-element-dd1cb33 elementor-widget elementor-widget-image\" data-id=\"dd1cb33\" data-element_type=\"widget\" data-e-type=\"widget\" data-widget_type=\"image.default\">\n\t\t\t\t<div class=\"elementor-widget-container\">\n\t\t\t\t\t\t\t\t\t\t\t\t\t\t\t<img decoding=\"async\" src=\"https:\/\/synergym.hu\/wp-content\/uploads\/elementor\/thumbs\/Synergym-fitneszterem-edzoterem-szolgaltatasok-thaibox-7-q0ybvpo1jzhpdtv467o1z7evve6htptpbl818pubfo.jpg\" title=\"Synergym-fitneszterem-edzoterem-szolgaltatasok-thaibox-7\" alt=\"Synergym-fitneszterem-edzoterem-szolgaltatasok-thaibox-7\" loading=\"lazy\" \/>\t\t\t\t\t\t\t\t\t\t\t\t\t\t\t<\/div>\n\t\t\t\t<\/div>\n\t\t\t\t<div class=\"elementor-element elementor-element-dac0741 elementor-widget-mobile__width-inherit elementor-widget elementor-widget-heading\" data-id=\"dac0741\" data-element_type=\"widget\" data-e-type=\"widget\" data-settings=\"{&quot;_animation&quot;:&quot;none&quot;}\" data-widget_type=\"heading.default\">\n\t\t\t\t<div class=\"elementor-widget-container\">\n\t\t\t\t\t<h3 class=\"elementor-heading-title elementor-size-default\">Attila Erd\u0151s <\/h3>\t\t\t\t<\/div>\n\t\t\t\t<\/div>\n\t\t\t\t<div class=\"elementor-element elementor-element-259b377 elementor-mobile-align-start elementor-icon-list--layout-traditional elementor-list-item-link-full_width elementor-widget elementor-widget-icon-list\" data-id=\"259b377\" data-element_type=\"widget\" data-e-type=\"widget\" data-widget_type=\"icon-list.default\">\n\t\t\t\t<div class=\"elementor-widget-container\">\n\t\t\t\t\t\t\t<ul class=\"elementor-icon-list-items\">\n\t\t\t\t\t\t\t<li class=\"elementor-icon-list-item\">\n\t\t\t\t\t\t\t\t\t\t\t<span class=\"elementor-icon-list-icon\">\n\t\t\t\t\t\t\t<i aria-hidden=\"true\" class=\"fas fa-phone\"><\/i>\t\t\t\t\t\t<\/span>\n\t\t\t\t\t\t\t\t\t\t<span class=\"elementor-icon-list-text\">+36 20 590 3370<\/span>\n\t\t\t\t\t\t\t\t\t<\/li>\n\t\t\t\t\t\t\t\t<li class=\"elementor-icon-list-item\">\n\t\t\t\t\t\t\t\t\t\t\t<span class=\"elementor-icon-list-icon\">\n\t\t\t\t\t\t\t<i aria-hidden=\"true\" class=\"fas fa-user\"><\/i>\t\t\t\t\t\t<\/span>\n\t\t\t\t\t\t\t\t\t\t<span class=\"elementor-icon-list-text\">kid's muay thai, beginner to advance muay thai <\/span>\n\t\t\t\t\t\t\t\t\t<\/li>\n\t\t\t\t\t\t<\/ul>\n\t\t\t\t\t\t<\/div>\n\t\t\t\t<\/div>\n\t\t\t\t<div class=\"elementor-element elementor-element-0519512 elementor-widget-mobile__width-inherit elementor-widget elementor-widget-heading\" data-id=\"0519512\" data-element_type=\"widget\" data-e-type=\"widget\" data-settings=\"{&quot;_animation&quot;:&quot;none&quot;}\" data-widget_type=\"heading.default\">\n\t\t\t\t<div class=\"elementor-widget-container\">\n\t\t\t\t\t<h3 class=\"elementor-heading-title elementor-size-default\">D\u00f3ra S\u00e1voly<\/h3>\t\t\t\t<\/div>\n\t\t\t\t<\/div>\n\t\t\t\t<div class=\"elementor-element elementor-element-3aebe01 elementor-mobile-align-start elementor-icon-list--layout-traditional elementor-list-item-link-full_width elementor-widget elementor-widget-icon-list\" data-id=\"3aebe01\" data-element_type=\"widget\" data-e-type=\"widget\" data-widget_type=\"icon-list.default\">\n\t\t\t\t<div class=\"elementor-widget-container\">\n\t\t\t\t\t\t\t<ul class=\"elementor-icon-list-items\">\n\t\t\t\t\t\t\t<li class=\"elementor-icon-list-item\">\n\t\t\t\t\t\t\t\t\t\t\t<span class=\"elementor-icon-list-icon\">\n\t\t\t\t\t\t\t<i aria-hidden=\"true\" class=\"fas fa-phone\"><\/i>\t\t\t\t\t\t<\/span>\n\t\t\t\t\t\t\t\t\t\t<span class=\"elementor-icon-list-text\">+36 30 731 8677<\/span>\n\t\t\t\t\t\t\t\t\t<\/li>\n\t\t\t\t\t\t\t\t<li class=\"elementor-icon-list-item\">\n\t\t\t\t\t\t\t\t\t\t\t<span class=\"elementor-icon-list-icon\">\n\t\t\t\t\t\t\t<i aria-hidden=\"true\" class=\"fas fa-user\"><\/i>\t\t\t\t\t\t<\/span>\n\t\t\t\t\t\t\t\t\t\t<span class=\"elementor-icon-list-text\">kid's muay thai, woman's muay thai <\/span>\n\t\t\t\t\t\t\t\t\t<\/li>\n\t\t\t\t\t\t<\/ul>\n\t\t\t\t\t\t<\/div>\n\t\t\t\t<\/div>\n\t\t\t\t\t<\/div>\n\t\t<\/div>\n\t\t\t\t\t<\/div>\n\t\t<\/section>\n\t\t\t\t<section class=\"elementor-section elementor-top-section elementor-element elementor-element-6582d7b elementor-hidden-desktop elementor-hidden-mobile elementor-section-boxed elementor-section-height-default elementor-section-height-default\" data-id=\"6582d7b\" data-element_type=\"section\" data-e-type=\"section\" data-settings=\"{&quot;background_background&quot;:&quot;classic&quot;}\">\n\t\t\t\t\t\t<div class=\"elementor-container elementor-column-gap-no\">\n\t\t\t\t\t<div class=\"elementor-column elementor-col-100 elementor-top-column elementor-element elementor-element-b9af84a\" data-id=\"b9af84a\" data-element_type=\"column\" data-e-type=\"column\" data-settings=\"{&quot;background_background&quot;:&quot;classic&quot;}\">\n\t\t\t<div class=\"elementor-widget-wrap elementor-element-populated\">\n\t\t\t\t\t\t<div class=\"elementor-element elementor-element-3e4ff14 elementor-widget elementor-widget-heading\" data-id=\"3e4ff14\" data-element_type=\"widget\" data-e-type=\"widget\" data-widget_type=\"heading.default\">\n\t\t\t\t<div class=\"elementor-widget-container\">\n\t\t\t\t\t<h5 class=\"elementor-heading-title elementor-size-default\">Women\u2019s Muay Thai: Designed for women and girls who would like to explore the secrets of a combat sport with a rich history while simultaneously improving their fitness.\n<br><br>\nBeginner to Advanced Muay Thai: Whether you\u2019re a beginner or already at an advanced level, you will feel right at home with us. We offer traditional Muay Thai training in a friendly and modern environment. We welcome everyone over the age of 14 who is interested in trying Muay Thai or practicing it regularly. For those more experienced, our advanced classes offer the opportunity to further develop your skills.<\/h5>\t\t\t\t<\/div>\n\t\t\t\t<\/div>\n\t\t\t\t\t<\/div>\n\t\t<\/div>\n\t\t\t\t\t<\/div>\n\t\t<\/section>\n\t\t\t\t<section class=\"elementor-section elementor-top-section elementor-element elementor-element-7076a15 elementor-section-boxed elementor-section-height-default elementor-section-height-default\" data-id=\"7076a15\" data-element_type=\"section\" data-e-type=\"section\" data-settings=\"{&quot;background_background&quot;:&quot;classic&quot;}\">\n\t\t\t\t\t\t<div class=\"elementor-container elementor-column-gap-no\">\n\t\t\t\t\t<div class=\"elementor-column elementor-col-100 elementor-top-column elementor-element elementor-element-4fa936d\" data-id=\"4fa936d\" data-element_type=\"column\" data-e-type=\"column\" data-settings=\"{&quot;background_background&quot;:&quot;classic&quot;}\">\n\t\t\t<div class=\"elementor-widget-wrap elementor-element-populated\">\n\t\t\t\t\t\t<div class=\"elementor-element elementor-element-0bddca6 elementor-widget elementor-widget-heading\" data-id=\"0bddca6\" data-element_type=\"widget\" data-e-type=\"widget\" data-widget_type=\"heading.default\">\n\t\t\t\t<div class=\"elementor-widget-container\">\n\t\t\t\t\t<h2 class=\"elementor-heading-title elementor-size-default\">Gallery<\/h2>\t\t\t\t<\/div>\n\t\t\t\t<\/div>\n\t\t\t\t<div class=\"elementor-element elementor-element-3ef15af elementor-widget elementor-widget-text-editor\" data-id=\"3ef15af\" data-element_type=\"widget\" data-e-type=\"widget\" data-widget_type=\"text-editor.default\">\n\t\t\t\t<div class=\"elementor-widget-container\">\n\t\t\t\t\t\t\t\t\tSynergym fitness\t\t\t\t\t\t\t\t<\/div>\n\t\t\t\t<\/div>\n\t\t\t\t\t<\/div>\n\t\t<\/div>\n\t\t\t\t\t<\/div>\n\t\t<\/section>\n\t\t\t\t<section class=\"elementor-section elementor-top-section elementor-element elementor-element-d1edfdb elementor-section-content-middle elementor-section-boxed elementor-section-height-default elementor-section-height-default\" data-id=\"d1edfdb\" data-element_type=\"section\" data-e-type=\"section\" data-settings=\"{&quot;background_background&quot;:&quot;classic&quot;}\">\n\t\t\t\t\t\t<div class=\"elementor-container elementor-column-gap-no\">\n\t\t\t\t\t<div class=\"elementor-column elementor-col-100 elementor-top-column elementor-element elementor-element-552d4b6\" data-id=\"552d4b6\" data-element_type=\"column\" data-e-type=\"column\">\n\t\t\t<div class=\"elementor-widget-wrap elementor-element-populated\">\n\t\t\t\t\t\t<div class=\"elementor-element elementor-element-2228134 elementor-widget elementor-widget-gallery\" data-id=\"2228134\" data-element_type=\"widget\" data-e-type=\"widget\" data-settings=\"{&quot;gallery_layout&quot;:&quot;justified&quot;,&quot;gap&quot;:{&quot;unit&quot;:&quot;px&quot;,&quot;size&quot;:15,&quot;sizes&quot;:[]},&quot;ideal_row_height&quot;:{&quot;unit&quot;:&quot;px&quot;,&quot;size&quot;:225,&quot;sizes&quot;:[]},&quot;lazyload&quot;:&quot;yes&quot;,&quot;ideal_row_height_tablet&quot;:{&quot;unit&quot;:&quot;px&quot;,&quot;size&quot;:150,&quot;sizes&quot;:[]},&quot;ideal_row_height_mobile&quot;:{&quot;unit&quot;:&quot;px&quot;,&quot;size&quot;:150,&quot;sizes&quot;:[]},&quot;gap_tablet&quot;:{&quot;unit&quot;:&quot;px&quot;,&quot;size&quot;:10,&quot;sizes&quot;:[]},&quot;gap_mobile&quot;:{&quot;unit&quot;:&quot;px&quot;,&quot;size&quot;:10,&quot;sizes&quot;:[]},&quot;link_to&quot;:&quot;file&quot;,&quot;overlay_background&quot;:&quot;yes&quot;,&quot;content_hover_animation&quot;:&quot;fade-in&quot;}\" data-widget_type=\"gallery.default\">\n\t\t\t\t<div class=\"elementor-widget-container\">\n\t\t\t\t\t\t\t<div class=\"elementor-gallery__container\">\n\t\t\t\t\t\t\t<a class=\"e-gallery-item elementor-gallery-item elementor-animated-content\" href=\"https:\/\/synergym.hu\/wp-content\/uploads\/2023\/01\/Synergym-fitneszterem-edzoterem-szolgaltatasok-thaibox-1.jpg\" data-elementor-open-lightbox=\"yes\" data-elementor-lightbox-slideshow=\"2228134\" data-elementor-lightbox-title=\"Synergym-fitneszterem-edzoterem-szolgaltatasok-thaibox-1\" data-e-action-hash=\"#elementor-action%3Aaction%3Dlightbox%26settings%3DeyJpZCI6MjgxNSwidXJsIjoiaHR0cHM6XC9cL3N5bmVyZ3ltLmh1XC93cC1jb250ZW50XC91cGxvYWRzXC8yMDIzXC8wMVwvU3luZXJneW0tZml0bmVzenRlcmVtLWVkem90ZXJlbS1zem9sZ2FsdGF0YXNvay10aGFpYm94LTEuanBnIiwic2xpZGVzaG93IjoiMjIyODEzNCJ9\">\n\t\t\t\t\t<div class=\"e-gallery-image elementor-gallery-item__image\" data-thumbnail=\"https:\/\/synergym.hu\/wp-content\/uploads\/2023\/01\/Synergym-fitneszterem-edzoterem-szolgaltatasok-thaibox-1-200x300.jpg\" data-width=\"200\" data-height=\"300\" aria-label=\"\" role=\"img\" ><\/div>\n\t\t\t\t\t\t\t\t\t\t\t<div class=\"elementor-gallery-item__overlay\"><\/div>\n\t\t\t\t\t\t\t\t\t\t\t\t\t\t<\/a>\n\t\t\t\t\t\t\t<a class=\"e-gallery-item elementor-gallery-item elementor-animated-content\" href=\"https:\/\/synergym.hu\/wp-content\/uploads\/2023\/01\/Synergym-fitneszterem-edzoterem-szolgaltatasok-thaibox-2.jpg\" data-elementor-open-lightbox=\"yes\" data-elementor-lightbox-slideshow=\"2228134\" data-elementor-lightbox-title=\"Synergym-fitneszterem-edzoterem-szolgaltatasok-thaibox-2\" data-e-action-hash=\"#elementor-action%3Aaction%3Dlightbox%26settings%3DeyJpZCI6MjgxNiwidXJsIjoiaHR0cHM6XC9cL3N5bmVyZ3ltLmh1XC93cC1jb250ZW50XC91cGxvYWRzXC8yMDIzXC8wMVwvU3luZXJneW0tZml0bmVzenRlcmVtLWVkem90ZXJlbS1zem9sZ2FsdGF0YXNvay10aGFpYm94LTIuanBnIiwic2xpZGVzaG93IjoiMjIyODEzNCJ9\">\n\t\t\t\t\t<div class=\"e-gallery-image elementor-gallery-item__image\" data-thumbnail=\"https:\/\/synergym.hu\/wp-content\/uploads\/2023\/01\/Synergym-fitneszterem-edzoterem-szolgaltatasok-thaibox-2-225x300.jpg\" data-width=\"225\" data-height=\"300\" aria-label=\"\" role=\"img\" ><\/div>\n\t\t\t\t\t\t\t\t\t\t\t<div class=\"elementor-gallery-item__overlay\"><\/div>\n\t\t\t\t\t\t\t\t\t\t\t\t\t\t<\/a>\n\t\t\t\t\t\t\t<a class=\"e-gallery-item elementor-gallery-item elementor-animated-content\" href=\"https:\/\/synergym.hu\/wp-content\/uploads\/2023\/01\/Synergym-fitneszterem-edzoterem-szolgaltatasok-thaibox-3.jpg\" data-elementor-open-lightbox=\"yes\" data-elementor-lightbox-slideshow=\"2228134\" data-elementor-lightbox-title=\"Synergym-fitneszterem-edzoterem-szolgaltatasok-thaibox-3\" data-e-action-hash=\"#elementor-action%3Aaction%3Dlightbox%26settings%3DeyJpZCI6MjgxNywidXJsIjoiaHR0cHM6XC9cL3N5bmVyZ3ltLmh1XC93cC1jb250ZW50XC91cGxvYWRzXC8yMDIzXC8wMVwvU3luZXJneW0tZml0bmVzenRlcmVtLWVkem90ZXJlbS1zem9sZ2FsdGF0YXNvay10aGFpYm94LTMuanBnIiwic2xpZGVzaG93IjoiMjIyODEzNCJ9\">\n\t\t\t\t\t<div class=\"e-gallery-image elementor-gallery-item__image\" data-thumbnail=\"https:\/\/synergym.hu\/wp-content\/uploads\/2023\/01\/Synergym-fitneszterem-edzoterem-szolgaltatasok-thaibox-3-240x300.jpg\" data-width=\"240\" data-height=\"300\" aria-label=\"\" role=\"img\" ><\/div>\n\t\t\t\t\t\t\t\t\t\t\t<div class=\"elementor-gallery-item__overlay\"><\/div>\n\t\t\t\t\t\t\t\t\t\t\t\t\t\t<\/a>\n\t\t\t\t\t\t\t<a class=\"e-gallery-item elementor-gallery-item elementor-animated-content\" href=\"https:\/\/synergym.hu\/wp-content\/uploads\/2023\/01\/Synergym-fitneszterem-edzoterem-szolgaltatasok-thaibox-4.jpg\" data-elementor-open-lightbox=\"yes\" data-elementor-lightbox-slideshow=\"2228134\" data-elementor-lightbox-title=\"Synergym-fitneszterem-edzoterem-szolgaltatasok-thaibox-4\" data-e-action-hash=\"#elementor-action%3Aaction%3Dlightbox%26settings%3DeyJpZCI6MjgxOCwidXJsIjoiaHR0cHM6XC9cL3N5bmVyZ3ltLmh1XC93cC1jb250ZW50XC91cGxvYWRzXC8yMDIzXC8wMVwvU3luZXJneW0tZml0bmVzenRlcmVtLWVkem90ZXJlbS1zem9sZ2FsdGF0YXNvay10aGFpYm94LTQuanBnIiwic2xpZGVzaG93IjoiMjIyODEzNCJ9\">\n\t\t\t\t\t<div class=\"e-gallery-image elementor-gallery-item__image\" data-thumbnail=\"https:\/\/synergym.hu\/wp-content\/uploads\/2023\/01\/Synergym-fitneszterem-edzoterem-szolgaltatasok-thaibox-4-225x300.jpg\" data-width=\"225\" data-height=\"300\" aria-label=\"\" role=\"img\" ><\/div>\n\t\t\t\t\t\t\t\t\t\t\t<div class=\"elementor-gallery-item__overlay\"><\/div>\n\t\t\t\t\t\t\t\t\t\t\t\t\t\t<\/a>\n\t\t\t\t\t\t\t<a class=\"e-gallery-item elementor-gallery-item elementor-animated-content\" href=\"https:\/\/synergym.hu\/wp-content\/uploads\/2023\/01\/Synergym-fitneszterem-edzoterem-szolgaltatasok-thaibox-5.jpg\" data-elementor-open-lightbox=\"yes\" data-elementor-lightbox-slideshow=\"2228134\" data-elementor-lightbox-title=\"Synergym-fitneszterem-edzoterem-szolgaltatasok-thaibox-5\" data-e-action-hash=\"#elementor-action%3Aaction%3Dlightbox%26settings%3DeyJpZCI6MjgxOSwidXJsIjoiaHR0cHM6XC9cL3N5bmVyZ3ltLmh1XC93cC1jb250ZW50XC91cGxvYWRzXC8yMDIzXC8wMVwvU3luZXJneW0tZml0bmVzenRlcmVtLWVkem90ZXJlbS1zem9sZ2FsdGF0YXNvay10aGFpYm94LTUuanBnIiwic2xpZGVzaG93IjoiMjIyODEzNCJ9\">\n\t\t\t\t\t<div class=\"e-gallery-image elementor-gallery-item__image\" data-thumbnail=\"https:\/\/synergym.hu\/wp-content\/uploads\/2023\/01\/Synergym-fitneszterem-edzoterem-szolgaltatasok-thaibox-5-212x300.jpg\" data-width=\"212\" data-height=\"300\" aria-label=\"\" role=\"img\" ><\/div>\n\t\t\t\t\t\t\t\t\t\t\t<div class=\"elementor-gallery-item__overlay\"><\/div>\n\t\t\t\t\t\t\t\t\t\t\t\t\t\t<\/a>\n\t\t\t\t\t\t\t<a class=\"e-gallery-item elementor-gallery-item elementor-animated-content\" href=\"https:\/\/synergym.hu\/wp-content\/uploads\/2023\/01\/Synergym-fitneszterem-edzoterem-szolgaltatasok-thaibox-6.jpg\" data-elementor-open-lightbox=\"yes\" data-elementor-lightbox-slideshow=\"2228134\" data-elementor-lightbox-title=\"Synergym-fitneszterem-edzoterem-szolgaltatasok-thaibox-6\" data-e-action-hash=\"#elementor-action%3Aaction%3Dlightbox%26settings%3DeyJpZCI6MjgyMCwidXJsIjoiaHR0cHM6XC9cL3N5bmVyZ3ltLmh1XC93cC1jb250ZW50XC91cGxvYWRzXC8yMDIzXC8wMVwvU3luZXJneW0tZml0bmVzenRlcmVtLWVkem90ZXJlbS1zem9sZ2FsdGF0YXNvay10aGFpYm94LTYuanBnIiwic2xpZGVzaG93IjoiMjIyODEzNCJ9\">\n\t\t\t\t\t<div class=\"e-gallery-image elementor-gallery-item__image\" data-thumbnail=\"https:\/\/synergym.hu\/wp-content\/uploads\/2023\/01\/Synergym-fitneszterem-edzoterem-szolgaltatasok-thaibox-6-212x300.jpg\" data-width=\"212\" data-height=\"300\" aria-label=\"\" role=\"img\" ><\/div>\n\t\t\t\t\t\t\t\t\t\t\t<div class=\"elementor-gallery-item__overlay\"><\/div>\n\t\t\t\t\t\t\t\t\t\t\t\t\t\t<\/a>\n\t\t\t\t\t<\/div>\n\t\t\t\t\t<\/div>\n\t\t\t\t<\/div>\n\t\t\t\t\t<\/div>\n\t\t<\/div>\n\t\t\t\t\t<\/div>\n\t\t<\/section>\n\t\t\t\t<\/div>","protected":false},"excerpt":{"rendered":"<p>Thaibox Pr\u00f3b\u00e1ld ki magad Te is Thaibox Gyerek, feln\u0151tt, n\u0151i thaibox Pr\u00f3b\u00e1ld ki magad egy\u00e9ni \u00e9s csoportos thaibox \u00f3r\u00e1inkon. Gyerek thaibox, kezd\u0151 \u2013 halad\u00f3 feln\u0151tt csoportok, n\u0151i thaibox. Edz\u00e9seink biztos\u00edtj\u00e1k a szem\u00e9lyre szabott halad\u00e1sodat. Gyerek thaibox: Az ut\u00e1np\u00f3tl\u00e1s-nevel\u00e9s klubunk egyik alapvet\u0151 c\u00e9lja. Nem csak versenyz\u0151ket nevel\u00fcnk, ink\u00e1bb arra szeretn\u00e9nk r\u00e1vezetni a fiatalokat, hogy \u00e9let\u00fckre pozit\u00edv [&hellip;]<\/p>\n","protected":false},"author":1,"featured_media":0,"parent":0,"menu_order":0,"comment_status":"closed","ping_status":"closed","template":"elementor_header_footer","meta":{"footnotes":""},"class_list":["post-2791","page","type-page","status-publish","hentry","entry"],"_links":{"self":[{"href":"https:\/\/synergym.hu\/en\/wp-json\/wp\/v2\/pages\/2791","targetHints":{"allow":["GET"]}}],"collection":[{"href":"https:\/\/synergym.hu\/en\/wp-json\/wp\/v2\/pages"}],"about":[{"href":"https:\/\/synergym.hu\/en\/wp-json\/wp\/v2\/types\/page"}],"author":[{"embeddable":true,"href":"https:\/\/synergym.hu\/en\/wp-json\/wp\/v2\/users\/1"}],"replies":[{"embeddable":true,"href":"https:\/\/synergym.hu\/en\/wp-json\/wp\/v2\/comments?post=2791"}],"version-history":[{"count":0,"href":"https:\/\/synergym.hu\/en\/wp-json\/wp\/v2\/pages\/2791\/revisions"}],"wp:attachment":[{"href":"https:\/\/synergym.hu\/en\/wp-json\/wp\/v2\/media?parent=2791"}],"curies":[{"name":"wp","href":"https:\/\/api.w.org\/{rel}","templated":true}]}}